{"id":1123,"date":"2016-10-06T10:57:32","date_gmt":"2016-10-06T08:57:32","guid":{"rendered":"http:\/\/www.unitrans.it\/de\/azienda_unitrans\/"},"modified":"2019-03-14T10:10:16","modified_gmt":"2019-03-14T09:10:16","slug":"unitrans-ist","status":"publish","type":"page","link":"https:\/\/www.unitrans.it\/de\/unitrans-ist\/","title":{"rendered":"Unternehmen"},"content":{"rendered":"<div class=\"fusion-fullwidth fullwidth-box fusion-builder-row-1 hundred-percent-fullwidth non-hundred-percent-height-scrolling\" style=\"background-color: rgba(255,255,255,0);background-position: center center;background-repeat: no-repeat;padding-top:0px;padding-right:0px;padding-bottom:0px;padding-left:0px;margin-bottom: 0px;margin-top: 0px;border-width: 0px 0px 0px 0px;border-color:#eae9e9;border-style:solid;\" ><div class=\"fusion-builder-row fusion-row\"><div class=\"fusion-layout-column fusion_builder_column fusion-builder-column-0 fusion_builder_column_1_1 1_1 fusion-one-full fusion-column-first fusion-column-last fusion-column-no-min-height\" style=\"margin-top:0px;margin-bottom:0px;\"><div class=\"fusion-column-wrapper fusion-flex-column-wrapper-legacy\" style=\"background-position:left top;background-repeat:no-repeat;-webkit-background-size:cover;-moz-background-size:cover;-o-background-size:cover;background-size:cover;padding: 0px 0px 0px 0px;\"><div class=\"fusion-slider-sc fusion-flexslider-loading flexslider flexslider-hover-type-none\" data-slideshow_autoplay=\"1\" data-slideshow_smooth_height=\"0\" data-slideshow_speed=\"7000\" style=\"max-width:100%;height:100%;\"><ul class=\"slides\"><li class=\"image\"><span class=\"fusion-image-hover-element hover-type-none\"><img src=\"http:\/\/www.unitrans.it\/wp-content\/uploads\/2016\/10\/azienda1.jpg\" \/><\/span><\/li><li class=\"image\"><span class=\"fusion-image-hover-element hover-type-none\"><img src=\"http:\/\/www.unitrans.it\/wp-content\/uploads\/2016\/10\/azienda2.jpg\" \/><\/span><\/li><li class=\"image\"><span class=\"fusion-image-hover-element hover-type-none\"><img src=\"http:\/\/www.unitrans.it\/wp-content\/uploads\/2016\/10\/azienda3.jpg\" \/><\/span><\/li><\/ul><\/div><div class=\"fusion-clearfix\"><\/div><\/div><\/div><div class=\"fusion-layout-column fusion_builder_column fusion-builder-column-1 fusion_builder_column_2_3 2_3 fusion-two-third fusion-column-first\" style=\"width:65.3333%; margin-right: 4%;margin-top:0px;margin-bottom:20px;\"><div class=\"fusion-column-wrapper fusion-flex-column-wrapper-legacy\" style=\"background-position:left top;background-repeat:no-repeat;-webkit-background-size:cover;-moz-background-size:cover;-o-background-size:cover;background-size:cover;padding: 0px 0px 0px 0px;\"><style type=\"text\/css\"><\/style><div class=\"fusion-title title fusion-title-1 fusion-title-text fusion-title-size-one\" style=\"margin-top:0px;margin-right:0px;margin-bottom:0px;margin-left:0px;\"><h1 class=\"title-heading-left\" style=\"margin:0;\"><h1>Unitrans\u00a0ist<\/h1>\n<div id=\"testo_articolo\" class=\"testo_25t\"><\/div><\/h1><span class=\"awb-title-spacer\"><\/span><div class=\"title-sep-container\"><div class=\"title-sep sep-single sep-solid\" style=\"border-color:#e0dede;\"><\/div><\/div><\/div><div class=\"fusion-text fusion-text-1\"><p><strong>UNITRANS ist Technologie, Forschung, Entwicklung:<\/strong><br \/>\nAuf diesen 3 Elementen beruht das industrielle Konzept unseres Unternehmens.<br \/>\nDer absolute Bedarf an K\u00fchlaufbauten, die perfekt geeignet sein m\u00fcssen, um die Qualit\u00e4t transportierter Waren zu garantieren, bedeutet, dass bei UNITRANS fortlaufend in die technische Forschung investiert wird, um Ausr\u00fcstungen und Bestandteile zu entwickeln, die zunehmend hochentwickelt und immer effizienter werden.<\/p>\n<p>Dank des konstanten Engagements des ganzen Teams und der besonderen Einsatzbereitschaft der Arbeiter, hat man sich bei UNITRANS keinesfalls durch die Erfolge dazu verleiten lassen, sich auf den Lorbeeren auszuruhen, sondern diese Erfolge bilden die innere Energie, die zu einer stetigen Verbesserung der Produktivit\u00e4t f\u00fchrt.<\/p>\n<p>Das ganze Team von UNITRANS arbeitet nach diesem Prinzip und ist dankbar f\u00fcr die Mitarbeit der Kunden aus ganz Europa, mit denen zusammen sie dem Ziel &#8222;h\u00f6chster Qualit\u00e4t f\u00fcr einen professionellen Transport unter kontrollierten Temperaturen&#8220; entgegenarbeiten k\u00f6nnen.<\/p>\n<\/div><div class=\"fusion-clearfix\"><\/div><\/div><\/div><div class=\"fusion-layout-column fusion_builder_column fusion-builder-column-2 fusion_builder_column_1_3 1_3 fusion-one-third fusion-column-last\" style=\"width:30.6666%;margin-top:0px;margin-bottom:20px;\"><div class=\"fusion-column-wrapper fusion-flex-column-wrapper-legacy\" style=\"background-position:left top;background-repeat:no-repeat;-webkit-background-size:cover;-moz-background-size:cover;-o-background-size:cover;background-size:cover;padding: 0px 0px 0px 0px;\"><style type=\"text\/css\"><\/style><div class=\"fusion-title title fusion-title-2 fusion-title-text fusion-title-size-two\" style=\"margin-top:0px;margin-right:0px;margin-bottom:10px;margin-left:0px;\"><h2 class=\"title-heading-left\" style=\"margin:0;\">Wo Sie uns finden<\/h2><span class=\"awb-title-spacer\"><\/span><div class=\"title-sep-container\"><div class=\"title-sep sep-single sep-solid\" style=\"border-color:#e0dede;\"><\/div><\/div><\/div><div class=\"fusion-text fusion-text-2\"><p><iframe style=\"border: 0;\" src=\"https:\/\/www.google.com\/maps\/embed?pb=!1m18!1m12!1m3!1d2799.186569503494!2d12.068825050863504!3d45.445896378998185!2m3!1f0!2f0!3f0!3m2!1i1024!2i768!4f13.1!3m3!1m2!1s0x477ec8dceab47b79%3A0x3618a671f168ee15!2sUnitran+S.R.L.!5e0!3m2!1sit!2sit!4v1475749502726\" width=\"358\" height=\"200\" frameborder=\"0\" allowfullscreen=\"allowfullscreen\"><\/iframe><\/p>\n<\/div><div class=\"fusion-text fusion-text-3\"><h2><strong>Unitrans\u00a0s.r.l.<\/strong><\/h2>\n<p><span style=\"text-decoration: underline;\"><a href=\"https:\/\/www.google.it\/maps\/place\/Unitran+S.R.L.\/@45.4458964,12.0688251,17z\/data=!3m1!4b1!4m5!3m4!1s0x477ec8dceab47b79:0x3618a671f168ee15!8m2!3d45.4458964!4d12.0710191\">Via Pionca, 20<br \/>\n30030 Pianiga (Ve) Italy<\/a><\/span><br \/>\nTel: <span style=\"text-decoration: underline;\"><a href=\"tel:+39041412244\">+39041412244<\/a><\/span><br \/>\nFax: +39041413742<br \/>\ne.mail:\u00a0<span style=\"text-decoration: underline;\"><a href=\"mailto:segreteria@unitrans.it\">segreteria@unitrans.it<\/a><\/span><\/p>\n<\/div><div class=\"fusion-clearfix\"><\/div><\/div><\/div><\/div><style type=\"text\/css\">.fusion-fullwidth.fusion-builder-row-1 { overflow:visible; }<\/style><\/div>\n","protected":false},"excerpt":{"rendered":"","protected":false},"author":2,"featured_media":0,"parent":0,"menu_order":0,"comment_status":"closed","ping_status":"closed","template":"","meta":{"_mi_skip_tracking":false,"_exactmetrics_sitenote_active":false,"_exactmetrics_sitenote_note":"","_exactmetrics_sitenote_category":0},"yoast_head":"<!-- This site is optimized with the Yoast SEO plugin v18.3 - https:\/\/yoast.com\/wordpress\/plugins\/seo\/ -->\n<title>Unternehmen - Unitrans srl<\/title>\n<meta name=\"robots\" content=\"index, follow, max-snippet:-1, max-image-preview:large, max-video-preview:-1\" \/>\n<link rel=\"canonical\" href=\"https:\/\/www.unitrans.it\/de\/unitrans-ist\/\" \/>\n<meta property=\"og:locale\" content=\"de_DE\" \/>\n<meta property=\"og:type\" content=\"article\" \/>\n<meta property=\"og:title\" content=\"Unternehmen - Unitrans srl\" \/>\n<meta property=\"og:url\" content=\"https:\/\/www.unitrans.it\/de\/unitrans-ist\/\" \/>\n<meta property=\"og:site_name\" content=\"Unitrans srl\" \/>\n<meta property=\"article:modified_time\" content=\"2019-03-14T09:10:16+00:00\" \/>\n<meta name=\"twitter:card\" content=\"summary\" \/>\n<meta name=\"twitter:label1\" content=\"Gesch\u00e4tzte Lesezeit\" \/>\n\t<meta name=\"twitter:data1\" content=\"2\u00a0Minuten\" \/>\n<script type=\"application\/ld+json\" class=\"yoast-schema-graph\">{\"@context\":\"https:\/\/schema.org\",\"@graph\":[{\"@type\":\"Organization\",\"@id\":\"https:\/\/www.unitrans.it\/#organization\",\"name\":\"Unitrans srl\",\"url\":\"https:\/\/www.unitrans.it\/\",\"sameAs\":[],\"logo\":{\"@type\":\"ImageObject\",\"@id\":\"https:\/\/www.unitrans.it\/#logo\",\"inLanguage\":\"de\",\"url\":\"https:\/\/www.unitrans.it\/wp-content\/uploads\/2016\/10\/unitrans-logo.png\",\"contentUrl\":\"https:\/\/www.unitrans.it\/wp-content\/uploads\/2016\/10\/unitrans-logo.png\",\"width\":250,\"height\":75,\"caption\":\"Unitrans srl\"},\"image\":{\"@id\":\"https:\/\/www.unitrans.it\/#logo\"}},{\"@type\":\"WebSite\",\"@id\":\"https:\/\/www.unitrans.it\/#website\",\"url\":\"https:\/\/www.unitrans.it\/\",\"name\":\"Unitrans srl\",\"description\":\"Furgoni Isotermici e Frigoriferi\",\"publisher\":{\"@id\":\"https:\/\/www.unitrans.it\/#organization\"},\"potentialAction\":[{\"@type\":\"SearchAction\",\"target\":{\"@type\":\"EntryPoint\",\"urlTemplate\":\"https:\/\/www.unitrans.it\/?s={search_term_string}\"},\"query-input\":\"required name=search_term_string\"}],\"inLanguage\":\"de\"},{\"@type\":\"WebPage\",\"@id\":\"https:\/\/www.unitrans.it\/de\/unitrans-ist\/#webpage\",\"url\":\"https:\/\/www.unitrans.it\/de\/unitrans-ist\/\",\"name\":\"Unternehmen - Unitrans srl\",\"isPartOf\":{\"@id\":\"https:\/\/www.unitrans.it\/#website\"},\"datePublished\":\"2016-10-06T08:57:32+00:00\",\"dateModified\":\"2019-03-14T09:10:16+00:00\",\"breadcrumb\":{\"@id\":\"https:\/\/www.unitrans.it\/de\/unitrans-ist\/#breadcrumb\"},\"inLanguage\":\"de\",\"potentialAction\":[{\"@type\":\"ReadAction\",\"target\":[\"https:\/\/www.unitrans.it\/de\/unitrans-ist\/\"]}]},{\"@type\":\"BreadcrumbList\",\"@id\":\"https:\/\/www.unitrans.it\/de\/unitrans-ist\/#breadcrumb\",\"itemListElement\":[{\"@type\":\"ListItem\",\"position\":1,\"name\":\"Home\",\"item\":\"https:\/\/www.unitrans.it\/de\/\"},{\"@type\":\"ListItem\",\"position\":2,\"name\":\"Unternehmen\"}]}]}<\/script>\n<!-- \/ Yoast SEO plugin. -->","yoast_head_json":{"title":"Unternehmen - Unitrans srl","robots":{"index":"index","follow":"follow","max-snippet":"max-snippet:-1","max-image-preview":"max-image-preview:large","max-video-preview":"max-video-preview:-1"},"canonical":"https:\/\/www.unitrans.it\/de\/unitrans-ist\/","og_locale":"de_DE","og_type":"article","og_title":"Unternehmen - Unitrans srl","og_url":"https:\/\/www.unitrans.it\/de\/unitrans-ist\/","og_site_name":"Unitrans srl","article_modified_time":"2019-03-14T09:10:16+00:00","twitter_card":"summary","twitter_misc":{"Gesch\u00e4tzte Lesezeit":"2\u00a0Minuten"},"schema":{"@context":"https:\/\/schema.org","@graph":[{"@type":"Organization","@id":"https:\/\/www.unitrans.it\/#organization","name":"Unitrans srl","url":"https:\/\/www.unitrans.it\/","sameAs":[],"logo":{"@type":"ImageObject","@id":"https:\/\/www.unitrans.it\/#logo","inLanguage":"de","url":"https:\/\/www.unitrans.it\/wp-content\/uploads\/2016\/10\/unitrans-logo.png","contentUrl":"https:\/\/www.unitrans.it\/wp-content\/uploads\/2016\/10\/unitrans-logo.png","width":250,"height":75,"caption":"Unitrans srl"},"image":{"@id":"https:\/\/www.unitrans.it\/#logo"}},{"@type":"WebSite","@id":"https:\/\/www.unitrans.it\/#website","url":"https:\/\/www.unitrans.it\/","name":"Unitrans srl","description":"Furgoni Isotermici e Frigoriferi","publisher":{"@id":"https:\/\/www.unitrans.it\/#organization"},"potentialAction":[{"@type":"SearchAction","target":{"@type":"EntryPoint","urlTemplate":"https:\/\/www.unitrans.it\/?s={search_term_string}"},"query-input":"required name=search_term_string"}],"inLanguage":"de"},{"@type":"WebPage","@id":"https:\/\/www.unitrans.it\/de\/unitrans-ist\/#webpage","url":"https:\/\/www.unitrans.it\/de\/unitrans-ist\/","name":"Unternehmen - Unitrans srl","isPartOf":{"@id":"https:\/\/www.unitrans.it\/#website"},"datePublished":"2016-10-06T08:57:32+00:00","dateModified":"2019-03-14T09:10:16+00:00","breadcrumb":{"@id":"https:\/\/www.unitrans.it\/de\/unitrans-ist\/#breadcrumb"},"inLanguage":"de","potentialAction":[{"@type":"ReadAction","target":["https:\/\/www.unitrans.it\/de\/unitrans-ist\/"]}]},{"@type":"BreadcrumbList","@id":"https:\/\/www.unitrans.it\/de\/unitrans-ist\/#breadcrumb","itemListElement":[{"@type":"ListItem","position":1,"name":"Home","item":"https:\/\/www.unitrans.it\/de\/"},{"@type":"ListItem","position":2,"name":"Unternehmen"}]}]}},"_links":{"self":[{"href":"https:\/\/www.unitrans.it\/de\/wp-json\/wp\/v2\/pages\/1123"}],"collection":[{"href":"https:\/\/www.unitrans.it\/de\/wp-json\/wp\/v2\/pages"}],"about":[{"href":"https:\/\/www.unitrans.it\/de\/wp-json\/wp\/v2\/types\/page"}],"author":[{"embeddable":true,"href":"https:\/\/www.unitrans.it\/de\/wp-json\/wp\/v2\/users\/2"}],"replies":[{"embeddable":true,"href":"https:\/\/www.unitrans.it\/de\/wp-json\/wp\/v2\/comments?post=1123"}],"version-history":[{"count":4,"href":"https:\/\/www.unitrans.it\/de\/wp-json\/wp\/v2\/pages\/1123\/revisions"}],"predecessor-version":[{"id":2524,"href":"https:\/\/www.unitrans.it\/de\/wp-json\/wp\/v2\/pages\/1123\/revisions\/2524"}],"wp:attachment":[{"href":"https:\/\/www.unitrans.it\/de\/wp-json\/wp\/v2\/media?parent=1123"}],"curies":[{"name":"wp","href":"https:\/\/api.w.org\/{rel}","templated":true}]}}