{"id":1356,"date":"2015-02-20T20:12:00","date_gmt":"2015-02-20T20:12:00","guid":{"rendered":"http:\/\/www.unitrans.it\/de\/home\/"},"modified":"2019-03-14T10:10:19","modified_gmt":"2019-03-14T09:10:19","slug":"home","status":"publish","type":"page","link":"https:\/\/www.unitrans.it\/de\/","title":{"rendered":"Home"},"content":{"rendered":"<div class=\"fusion-fullwidth fullwidth-box fusion-builder-row-1 nonhundred-percent-fullwidth non-hundred-percent-height-scrolling\" style=\"background-color: rgba(255,255,255,0);background-position: left top;background-repeat: no-repeat;padding-top:30px;padding-right:0px;padding-bottom:30px;padding-left:0px;margin-bottom: 0px;margin-top: 0px;border-width: 0px 0px 0px 0px;border-color:#eae9e9;border-style:solid;\" ><div class=\"fusion-builder-row fusion-row\"><div class=\"fusion-layout-column fusion_builder_column fusion-builder-column-0 fusion_builder_column_1_1 1_1 fusion-one-full fusion-column-first fusion-column-last\" style=\"margin-top:0px;margin-bottom:20px;\"><div class=\"fusion-column-wrapper fusion-flex-column-wrapper-legacy\" style=\"background-position:left top;background-repeat:no-repeat;-webkit-background-size:cover;-moz-background-size:cover;-o-background-size:cover;background-size:cover;padding: 0px 0px 0px 0px;\"><div class=\"fusion-text fusion-text-1\"><p>Seit den 60er Jahren stellt <strong>UNITRANS<\/strong> die erste europ\u00e4ische Initiative einer Industrieproduktion von Fahrzeugaufbauten dar, die eigens f\u00fcr den Transport von frischen, gek\u00fchlten und tiefgek\u00fchlten Produkten hergestellt werden.<\/p>\n<\/div><div class=\"fusion-clearfix\"><\/div><\/div><\/div><div class=\"fusion-layout-column fusion_builder_column fusion-builder-column-1 fusion_builder_column_1_1 1_1 fusion-one-full fusion-column-first fusion-column-last fusion-column-no-min-height\" style=\"margin-top:0px;margin-bottom:0px;\"><div class=\"fusion-column-wrapper fusion-flex-column-wrapper-legacy\" style=\"background-position:left top;background-repeat:no-repeat;-webkit-background-size:cover;-moz-background-size:cover;-o-background-size:cover;background-size:cover;padding: 0px 0px 0px 0px;\"><div class=\"fusion-sep-clear\"><\/div><div class=\"fusion-separator fusion-full-width-sep\" style=\"margin-left: auto;margin-right: auto;margin-top:0px;margin-bottom:0px;width:100%;\"><div class=\"fusion-separator-border sep-single sep-solid\" style=\"border-color:#dd3333;border-top-width:5px;\"><\/div><\/div><div class=\"fusion-sep-clear\"><\/div><div class=\"fusion-clearfix\"><\/div><\/div><\/div><div class=\"fusion-layout-column fusion_builder_column fusion-builder-column-2 fusion_builder_column_1_3 1_3 fusion-one-third fusion-column-first green-border\" style=\"margin-top:0px;margin-bottom:20px;\"><div class=\"fusion-column-wrapper fusion-flex-column-wrapper-legacy\" style=\"background-position:left top;background-repeat:no-repeat;-webkit-background-size:cover;-moz-background-size:cover;-o-background-size:cover;background-size:cover;background-color:#ffffff;border:1px solid #e2e2e2;padding: 40px 50px 60px;\"><div class=\"fusion-text fusion-text-2\"><h3 style=\"text-align: center;\">Unternehmen<\/h3>\n<\/div><div class=\"fusion-sep-clear\"><\/div><div class=\"fusion-separator fusion-full-width-sep\" style=\"margin-left: auto;margin-right: auto;margin-top:10px;width:100%;\"><\/div><div class=\"fusion-sep-clear\"><\/div><div class=\"fusion-text fusion-text-3\"><p style=\"text-align: center;\">Technologie, Forschung, Innovation: drei Elemente, auf denen das industrielle Konzept unseres Unternehmens basiert.<\/p>\n<\/div><div class=\"fusion-sep-clear\"><\/div><div class=\"fusion-separator fusion-full-width-sep\" style=\"margin-left: auto;margin-right: auto;margin-top:10px;width:100%;\"><\/div><div class=\"fusion-sep-clear\"><\/div><div class=\"fusion-aligncenter\"><style>.fusion-button.button-1{border-color:#ffffff;border-width:0px 0px 0px 0px;border-radius:2px 2px 2px 2px;background:#3b4251;}.fusion-button.button-1 .fusion-button-text,.fusion-button.button-1 i,.fusion-button.button-1:hover .fusion-button-text,.fusion-button.button-1:hover i,.fusion-button.button-1:focus .fusion-button-text,.fusion-button.button-1:focus i,.fusion-button.button-1:active .fusion-button-text,.fusion-button.button-1:active i{color:#ffffff;}.fusion-button.button-1:hover,.fusion-button.button-1:active,.fusion-button.button-1:focus{border-color:#ffffff;border-width:0px 0px 0px 0px;background:#2d3541;}<\/style><a class=\"fusion-button button-flat button-large button-custom button-1 fusion-button-default-span \" target=\"_self\" href=\"http:\/\/www.unitrans.it\/de\/unitrans-ist\/\"><span class=\"fusion-button-text\">WEITERE INFOS<\/span><\/a><\/div><div class=\"fusion-clearfix\"><\/div><\/div><\/div><div class=\"fusion-layout-column fusion_builder_column fusion-builder-column-3 fusion_builder_column_1_3 1_3 fusion-one-third green-border no-side-borders\" style=\"margin-top:0px;margin-bottom:20px;\"><div class=\"fusion-column-wrapper fusion-flex-column-wrapper-legacy\" style=\"background-position:left top;background-repeat:no-repeat;-webkit-background-size:cover;-moz-background-size:cover;-o-background-size:cover;background-size:cover;background-color:#ffffff;border:1px solid #e2e2e2;padding: 40px 50px 60px;\"><div class=\"fusion-text fusion-text-4\"><h3 style=\"text-align: center;\">Produkt<\/h3>\n<\/div><div class=\"fusion-sep-clear\"><\/div><div class=\"fusion-separator fusion-full-width-sep\" style=\"margin-left: auto;margin-right: auto;margin-top:10px;width:100%;\"><\/div><div class=\"fusion-sep-clear\"><\/div><div class=\"fusion-text fusion-text-5\"><p style=\"text-align: center;\">Sehen Sie sich unsere Auswahl an Lieferwagen und Anh\u00e4nger. Nichts zu Unitrans ist dem Zufall \u00fcberlassen.<\/p>\n<\/div><div class=\"fusion-sep-clear\"><\/div><div class=\"fusion-separator fusion-full-width-sep\" style=\"margin-left: auto;margin-right: auto;margin-top:10px;width:100%;\"><\/div><div class=\"fusion-sep-clear\"><\/div><div class=\"fusion-aligncenter\"><style>.fusion-button.button-2{border-color:#ffffff;border-width:0px 0px 0px 0px;border-radius:2px 2px 2px 2px;background:#3b4251;}.fusion-button.button-2 .fusion-button-text,.fusion-button.button-2 i,.fusion-button.button-2:hover .fusion-button-text,.fusion-button.button-2:hover i,.fusion-button.button-2:focus .fusion-button-text,.fusion-button.button-2:focus i,.fusion-button.button-2:active .fusion-button-text,.fusion-button.button-2:active i{color:#ffffff;}.fusion-button.button-2:hover,.fusion-button.button-2:active,.fusion-button.button-2:focus{border-color:#ffffff;border-width:0px 0px 0px 0px;background:#2d3541;}<\/style><a class=\"fusion-button button-flat button-large button-custom button-2 fusion-button-default-span \" target=\"_self\" href=\"http:\/\/www.unitrans.it\/de\/produkt\/\"><span class=\"fusion-button-text\">WEITERE INFOS<\/span><\/a><\/div><div class=\"fusion-clearfix\"><\/div><\/div><\/div><div class=\"fusion-layout-column fusion_builder_column fusion-builder-column-4 fusion_builder_column_1_3 1_3 fusion-one-third fusion-column-last green-border\" style=\"margin-top:0px;margin-bottom:20px;\"><div class=\"fusion-column-wrapper fusion-flex-column-wrapper-legacy\" style=\"background-position:left top;background-repeat:no-repeat;-webkit-background-size:cover;-moz-background-size:cover;-o-background-size:cover;background-size:cover;background-color:#ffffff;border:1px solid #e2e2e2;padding: 40px 50px 60px;\"><div class=\"fusion-text fusion-text-6\"><h3 style=\"text-align: center;\">Kontakt<\/h3>\n<\/div><div class=\"fusion-sep-clear\"><\/div><div class=\"fusion-separator fusion-full-width-sep\" style=\"margin-left: auto;margin-right: auto;margin-top:10px;width:100%;\"><\/div><div class=\"fusion-sep-clear\"><\/div><div class=\"fusion-text fusion-text-7\"><p style=\"text-align: center;\">Entdecken Sie alle Kontakte und wie erreichen Unitrans so schnell.<\/p>\n<\/div><div class=\"fusion-sep-clear\"><\/div><div class=\"fusion-separator fusion-full-width-sep\" style=\"margin-left: auto;margin-right: auto;margin-top:10px;width:100%;\"><\/div><div class=\"fusion-sep-clear\"><\/div><div class=\"fusion-aligncenter\"><style>.fusion-button.button-3{border-color:#ffffff;border-width:0px 0px 0px 0px;border-radius:2px 2px 2px 2px;background:#3b4251;}.fusion-button.button-3 .fusion-button-text,.fusion-button.button-3 i,.fusion-button.button-3:hover .fusion-button-text,.fusion-button.button-3:hover i,.fusion-button.button-3:focus .fusion-button-text,.fusion-button.button-3:focus i,.fusion-button.button-3:active .fusion-button-text,.fusion-button.button-3:active i{color:#ffffff;}.fusion-button.button-3:hover,.fusion-button.button-3:active,.fusion-button.button-3:focus{border-color:#ffffff;border-width:0px 0px 0px 0px;background:#2d3541;}<\/style><a class=\"fusion-button button-flat button-large button-custom button-3 fusion-button-default-span \" target=\"_self\" href=\"http:\/\/www.unitrans.it\/de\/kontakt\/\"><span class=\"fusion-button-text\">WEITERE INFOS<\/span><\/a><\/div><div class=\"fusion-clearfix\"><\/div><\/div><\/div><\/div><\/div>\n","protected":false},"excerpt":{"rendered":"","protected":false},"author":2,"featured_media":0,"parent":0,"menu_order":0,"comment_status":"open","ping_status":"open","template":"100-width.php","meta":{"_mi_skip_tracking":false,"_exactmetrics_sitenote_active":false,"_exactmetrics_sitenote_note":"","_exactmetrics_sitenote_category":0},"yoast_head":"<!-- This site is optimized with the Yoast SEO plugin v18.3 - https:\/\/yoast.com\/wordpress\/plugins\/seo\/ -->\n<title>Home - Unitrans srl<\/title>\n<meta name=\"robots\" content=\"index, follow, max-snippet:-1, max-image-preview:large, max-video-preview:-1\" \/>\n<link rel=\"canonical\" href=\"https:\/\/www.unitrans.it\/de\/\" \/>\n<meta property=\"og:locale\" content=\"de_DE\" \/>\n<meta property=\"og:type\" content=\"article\" \/>\n<meta property=\"og:title\" content=\"Home - Unitrans srl\" \/>\n<meta property=\"og:url\" content=\"https:\/\/www.unitrans.it\/de\/\" \/>\n<meta property=\"og:site_name\" content=\"Unitrans srl\" \/>\n<meta property=\"article:modified_time\" content=\"2019-03-14T09:10:19+00:00\" \/>\n<meta name=\"twitter:card\" content=\"summary\" \/>\n<meta name=\"twitter:label1\" content=\"Gesch\u00e4tzte Lesezeit\" \/>\n\t<meta name=\"twitter:data1\" content=\"4\u00a0Minuten\" \/>\n<script type=\"application\/ld+json\" class=\"yoast-schema-graph\">{\"@context\":\"https:\/\/schema.org\",\"@graph\":[{\"@type\":\"Organization\",\"@id\":\"https:\/\/www.unitrans.it\/#organization\",\"name\":\"Unitrans srl\",\"url\":\"https:\/\/www.unitrans.it\/\",\"sameAs\":[],\"logo\":{\"@type\":\"ImageObject\",\"@id\":\"https:\/\/www.unitrans.it\/#logo\",\"inLanguage\":\"de\",\"url\":\"https:\/\/www.unitrans.it\/wp-content\/uploads\/2016\/10\/unitrans-logo.png\",\"contentUrl\":\"https:\/\/www.unitrans.it\/wp-content\/uploads\/2016\/10\/unitrans-logo.png\",\"width\":250,\"height\":75,\"caption\":\"Unitrans srl\"},\"image\":{\"@id\":\"https:\/\/www.unitrans.it\/#logo\"}},{\"@type\":\"WebSite\",\"@id\":\"https:\/\/www.unitrans.it\/#website\",\"url\":\"https:\/\/www.unitrans.it\/\",\"name\":\"Unitrans srl\",\"description\":\"Furgoni Isotermici e Frigoriferi\",\"publisher\":{\"@id\":\"https:\/\/www.unitrans.it\/#organization\"},\"potentialAction\":[{\"@type\":\"SearchAction\",\"target\":{\"@type\":\"EntryPoint\",\"urlTemplate\":\"https:\/\/www.unitrans.it\/?s={search_term_string}\"},\"query-input\":\"required name=search_term_string\"}],\"inLanguage\":\"de\"},{\"@type\":\"WebPage\",\"@id\":\"https:\/\/www.unitrans.it\/de\/#webpage\",\"url\":\"https:\/\/www.unitrans.it\/de\/\",\"name\":\"Home - Unitrans srl\",\"isPartOf\":{\"@id\":\"https:\/\/www.unitrans.it\/#website\"},\"datePublished\":\"2015-02-20T20:12:00+00:00\",\"dateModified\":\"2019-03-14T09:10:19+00:00\",\"breadcrumb\":{\"@id\":\"https:\/\/www.unitrans.it\/de\/#breadcrumb\"},\"inLanguage\":\"de\",\"potentialAction\":[{\"@type\":\"ReadAction\",\"target\":[\"https:\/\/www.unitrans.it\/de\/\"]}]},{\"@type\":\"BreadcrumbList\",\"@id\":\"https:\/\/www.unitrans.it\/de\/#breadcrumb\",\"itemListElement\":[{\"@type\":\"ListItem\",\"position\":1,\"name\":\"Home\",\"item\":\"https:\/\/www.unitrans.it\/de\/\"},{\"@type\":\"ListItem\",\"position\":2,\"name\":\"Home\"}]}]}<\/script>\n<!-- \/ Yoast SEO plugin. -->","yoast_head_json":{"title":"Home - Unitrans srl","robots":{"index":"index","follow":"follow","max-snippet":"max-snippet:-1","max-image-preview":"max-image-preview:large","max-video-preview":"max-video-preview:-1"},"canonical":"https:\/\/www.unitrans.it\/de\/","og_locale":"de_DE","og_type":"article","og_title":"Home - Unitrans srl","og_url":"https:\/\/www.unitrans.it\/de\/","og_site_name":"Unitrans srl","article_modified_time":"2019-03-14T09:10:19+00:00","twitter_card":"summary","twitter_misc":{"Gesch\u00e4tzte Lesezeit":"4\u00a0Minuten"},"schema":{"@context":"https:\/\/schema.org","@graph":[{"@type":"Organization","@id":"https:\/\/www.unitrans.it\/#organization","name":"Unitrans srl","url":"https:\/\/www.unitrans.it\/","sameAs":[],"logo":{"@type":"ImageObject","@id":"https:\/\/www.unitrans.it\/#logo","inLanguage":"de","url":"https:\/\/www.unitrans.it\/wp-content\/uploads\/2016\/10\/unitrans-logo.png","contentUrl":"https:\/\/www.unitrans.it\/wp-content\/uploads\/2016\/10\/unitrans-logo.png","width":250,"height":75,"caption":"Unitrans srl"},"image":{"@id":"https:\/\/www.unitrans.it\/#logo"}},{"@type":"WebSite","@id":"https:\/\/www.unitrans.it\/#website","url":"https:\/\/www.unitrans.it\/","name":"Unitrans srl","description":"Furgoni Isotermici e Frigoriferi","publisher":{"@id":"https:\/\/www.unitrans.it\/#organization"},"potentialAction":[{"@type":"SearchAction","target":{"@type":"EntryPoint","urlTemplate":"https:\/\/www.unitrans.it\/?s={search_term_string}"},"query-input":"required name=search_term_string"}],"inLanguage":"de"},{"@type":"WebPage","@id":"https:\/\/www.unitrans.it\/de\/#webpage","url":"https:\/\/www.unitrans.it\/de\/","name":"Home - Unitrans srl","isPartOf":{"@id":"https:\/\/www.unitrans.it\/#website"},"datePublished":"2015-02-20T20:12:00+00:00","dateModified":"2019-03-14T09:10:19+00:00","breadcrumb":{"@id":"https:\/\/www.unitrans.it\/de\/#breadcrumb"},"inLanguage":"de","potentialAction":[{"@type":"ReadAction","target":["https:\/\/www.unitrans.it\/de\/"]}]},{"@type":"BreadcrumbList","@id":"https:\/\/www.unitrans.it\/de\/#breadcrumb","itemListElement":[{"@type":"ListItem","position":1,"name":"Home","item":"https:\/\/www.unitrans.it\/de\/"},{"@type":"ListItem","position":2,"name":"Home"}]}]}},"_links":{"self":[{"href":"https:\/\/www.unitrans.it\/de\/wp-json\/wp\/v2\/pages\/1356"}],"collection":[{"href":"https:\/\/www.unitrans.it\/de\/wp-json\/wp\/v2\/pages"}],"about":[{"href":"https:\/\/www.unitrans.it\/de\/wp-json\/wp\/v2\/types\/page"}],"author":[{"embeddable":true,"href":"https:\/\/www.unitrans.it\/de\/wp-json\/wp\/v2\/users\/2"}],"replies":[{"embeddable":true,"href":"https:\/\/www.unitrans.it\/de\/wp-json\/wp\/v2\/comments?post=1356"}],"version-history":[{"count":4,"href":"https:\/\/www.unitrans.it\/de\/wp-json\/wp\/v2\/pages\/1356\/revisions"}],"predecessor-version":[{"id":2536,"href":"https:\/\/www.unitrans.it\/de\/wp-json\/wp\/v2\/pages\/1356\/revisions\/2536"}],"wp:attachment":[{"href":"https:\/\/www.unitrans.it\/de\/wp-json\/wp\/v2\/media?parent=1356"}],"curies":[{"name":"wp","href":"https:\/\/api.w.org\/{rel}","templated":true}]}}