{"id":1134,"date":"2016-10-06T10:57:32","date_gmt":"2016-10-06T08:57:32","guid":{"rendered":"http:\/\/www.unitrans.it\/fr\/azienda_unitrans\/"},"modified":"2019-03-14T10:10:17","modified_gmt":"2019-03-14T09:10:17","slug":"unitrans-est","status":"publish","type":"page","link":"https:\/\/www.unitrans.it\/fr\/unitrans-est\/","title":{"rendered":"L&rsquo;Entreprise"},"content":{"rendered":"<div class=\"fusion-fullwidth fullwidth-box fusion-builder-row-1 hundred-percent-fullwidth non-hundred-percent-height-scrolling\" style=\"background-color: rgba(255,255,255,0);background-position: center center;background-repeat: no-repeat;padding-top:0px;padding-right:0px;padding-bottom:0px;padding-left:0px;margin-bottom: 0px;margin-top: 0px;border-width: 0px 0px 0px 0px;border-color:#eae9e9;border-style:solid;\" ><div class=\"fusion-builder-row fusion-row\"><div class=\"fusion-layout-column fusion_builder_column fusion-builder-column-0 fusion_builder_column_1_1 1_1 fusion-one-full fusion-column-first fusion-column-last fusion-column-no-min-height\" style=\"margin-top:0px;margin-bottom:0px;\"><div class=\"fusion-column-wrapper fusion-flex-column-wrapper-legacy\" style=\"background-position:left top;background-repeat:no-repeat;-webkit-background-size:cover;-moz-background-size:cover;-o-background-size:cover;background-size:cover;padding: 0px 0px 0px 0px;\"><div class=\"fusion-slider-sc fusion-flexslider-loading flexslider flexslider-hover-type-none\" data-slideshow_autoplay=\"1\" data-slideshow_smooth_height=\"0\" data-slideshow_speed=\"7000\" style=\"max-width:100%;height:100%;\"><ul class=\"slides\"><li class=\"image\"><span class=\"fusion-image-hover-element hover-type-none\"><img src=\"http:\/\/www.unitrans.it\/wp-content\/uploads\/2016\/10\/azienda1.jpg\" \/><\/span><\/li><li class=\"image\"><span class=\"fusion-image-hover-element hover-type-none\"><img src=\"http:\/\/www.unitrans.it\/wp-content\/uploads\/2016\/10\/azienda2.jpg\" \/><\/span><\/li><li class=\"image\"><span class=\"fusion-image-hover-element hover-type-none\"><img src=\"http:\/\/www.unitrans.it\/wp-content\/uploads\/2016\/10\/azienda3.jpg\" \/><\/span><\/li><\/ul><\/div><div class=\"fusion-clearfix\"><\/div><\/div><\/div><div class=\"fusion-layout-column fusion_builder_column fusion-builder-column-1 fusion_builder_column_2_3 2_3 fusion-two-third fusion-column-first\" style=\"width:65.3333%; margin-right: 4%;margin-top:0px;margin-bottom:20px;\"><div class=\"fusion-column-wrapper fusion-flex-column-wrapper-legacy\" style=\"background-position:left top;background-repeat:no-repeat;-webkit-background-size:cover;-moz-background-size:cover;-o-background-size:cover;background-size:cover;padding: 0px 0px 0px 0px;\"><style type=\"text\/css\"><\/style><div class=\"fusion-title title fusion-title-1 fusion-title-text fusion-title-size-one\" style=\"margin-top:0px;margin-right:0px;margin-bottom:0px;margin-left:0px;\"><h1 class=\"title-heading-left\" style=\"margin:0;\"><h1>Unitrans Est<\/h1>\n<div id=\"testo_articolo\" class=\"testo_25t\"><\/div><\/h1><span class=\"awb-title-spacer\"><\/span><div class=\"title-sep-container\"><div class=\"title-sep sep-single sep-solid\" style=\"border-color:#e0dede;\"><\/div><\/div><\/div><div class=\"fusion-text fusion-text-1\"><p><strong>Technologie, recherche, d\u00e9veloppement:<\/strong><br \/>\nLe concept industriel de notre entreprise est bas\u00e9 sur ces 3 \u00e9l\u00e9ments. La n\u00e9cessit\u00e9 absolue de fabriquer des superstructures r\u00e9frig\u00e9rant qui doivent \u00eatre parfaitement capables de garantir la qualit\u00e9 des marchandises transport\u00e9es fait en sorte que chez UNITRANS, l&rsquo;investissement continuel dans la recherche technologique est toujours \u00e0 l&rsquo;ordre du jour, afin de d\u00e9velopper de l&rsquo;\u00e9quipement et des accessoires qui sont de plus en plus sophistiqu\u00e9s et efficaces.<\/p>\n<p>Gr\u00e2ce \u00e0 l&rsquo;engagement constant du team entier et gr\u00e2ce \u00e0 la disponibilit\u00e9 des employ\u00e9s, UNITRANS n&rsquo;a pas \u00e9t\u00e9 tent\u00e9 de se reposer sur ses lauriers. Bien au contraire, ces succ\u00e8s forment l&rsquo;\u00e9nergie interne qui stimule une incessante am\u00e9lioration de la productivit\u00e9.<\/p>\n<p>Tout le personnel d&rsquo;UNITRANS travaille d&rsquo;apr\u00e8s ce principe et est reconnaissant aux clients de toute l&rsquo;Europe pour leur coop\u00e9ration. Ensemble, le but est de travailler vers la meilleure qualit\u00e9 d&rsquo;un transport professionnel \u00e0 temp\u00e9ratures contr\u00f4l\u00e9es.<\/p>\n<\/div><div class=\"fusion-clearfix\"><\/div><\/div><\/div><div class=\"fusion-layout-column fusion_builder_column fusion-builder-column-2 fusion_builder_column_1_3 1_3 fusion-one-third fusion-column-last\" style=\"width:30.6666%;margin-top:0px;margin-bottom:20px;\"><div class=\"fusion-column-wrapper fusion-flex-column-wrapper-legacy\" style=\"background-position:left top;background-repeat:no-repeat;-webkit-background-size:cover;-moz-background-size:cover;-o-background-size:cover;background-size:cover;padding: 0px 0px 0px 0px;\"><style type=\"text\/css\"><\/style><div class=\"fusion-title title fusion-title-2 fusion-title-text fusion-title-size-two\" style=\"margin-top:0px;margin-right:0px;margin-bottom:10px;margin-left:0px;\"><h2 class=\"title-heading-left\" style=\"margin:0;\">O\u00f9 Nous Trouver<\/h2><span class=\"awb-title-spacer\"><\/span><div class=\"title-sep-container\"><div class=\"title-sep sep-single sep-solid\" style=\"border-color:#e0dede;\"><\/div><\/div><\/div><div class=\"fusion-text fusion-text-2\"><p><iframe style=\"border: 0;\" src=\"https:\/\/www.google.com\/maps\/embed?pb=!1m18!1m12!1m3!1d2799.186569503494!2d12.068825050863504!3d45.445896378998185!2m3!1f0!2f0!3f0!3m2!1i1024!2i768!4f13.1!3m3!1m2!1s0x477ec8dceab47b79%3A0x3618a671f168ee15!2sUnitran+S.R.L.!5e0!3m2!1sit!2sit!4v1475749502726\" width=\"358\" height=\"200\" frameborder=\"0\" allowfullscreen=\"allowfullscreen\"><\/iframe><\/p>\n<\/div><div class=\"fusion-text fusion-text-3\"><h2><strong>Unitrans\u00a0s.r.l.<\/strong><\/h2>\n<p><span style=\"text-decoration: underline;\"><a href=\"https:\/\/www.google.it\/maps\/place\/Unitran+S.R.L.\/@45.4458964,12.0688251,17z\/data=!3m1!4b1!4m5!3m4!1s0x477ec8dceab47b79:0x3618a671f168ee15!8m2!3d45.4458964!4d12.0710191\">Via Pionca, 20<br \/>\n30030 Pianiga (Ve) Italy<\/a><\/span><br \/>\nTel: <span style=\"text-decoration: underline;\"><a href=\"tel:+39041412244\">+39041412244<\/a><\/span><br \/>\nFax: +39041413742<br \/>\ne.mail:\u00a0<span style=\"text-decoration: underline;\"><a href=\"mailto:segreteria@unitrans.it\">segreteria@unitrans.it<\/a><\/span><\/p>\n<\/div><div class=\"fusion-clearfix\"><\/div><\/div><\/div><\/div><style type=\"text\/css\">.fusion-fullwidth.fusion-builder-row-1 { overflow:visible; }<\/style><\/div>\n","protected":false},"excerpt":{"rendered":"","protected":false},"author":2,"featured_media":0,"parent":0,"menu_order":0,"comment_status":"closed","ping_status":"closed","template":"","meta":{"_mi_skip_tracking":false,"_exactmetrics_sitenote_active":false,"_exactmetrics_sitenote_note":"","_exactmetrics_sitenote_category":0},"yoast_head":"<!-- This site is optimized with the Yoast SEO plugin v18.3 - https:\/\/yoast.com\/wordpress\/plugins\/seo\/ -->\n<title>L&#039;Entreprise - Unitrans srl<\/title>\n<meta name=\"robots\" content=\"index, follow, max-snippet:-1, max-image-preview:large, max-video-preview:-1\" \/>\n<link rel=\"canonical\" href=\"https:\/\/www.unitrans.it\/fr\/unitrans-est\/\" \/>\n<meta property=\"og:locale\" content=\"fr_FR\" \/>\n<meta property=\"og:type\" content=\"article\" \/>\n<meta property=\"og:title\" content=\"L&#039;Entreprise - Unitrans srl\" \/>\n<meta property=\"og:url\" content=\"https:\/\/www.unitrans.it\/fr\/unitrans-est\/\" \/>\n<meta property=\"og:site_name\" content=\"Unitrans srl\" \/>\n<meta property=\"article:modified_time\" content=\"2019-03-14T09:10:17+00:00\" \/>\n<meta name=\"twitter:card\" content=\"summary\" \/>\n<meta name=\"twitter:label1\" content=\"Dur\u00e9e de lecture estim\u00e9e\" \/>\n\t<meta name=\"twitter:data1\" content=\"2 minutes\" \/>\n<script type=\"application\/ld+json\" class=\"yoast-schema-graph\">{\"@context\":\"https:\/\/schema.org\",\"@graph\":[{\"@type\":\"Organization\",\"@id\":\"https:\/\/www.unitrans.it\/#organization\",\"name\":\"Unitrans srl\",\"url\":\"https:\/\/www.unitrans.it\/\",\"sameAs\":[],\"logo\":{\"@type\":\"ImageObject\",\"@id\":\"https:\/\/www.unitrans.it\/#logo\",\"inLanguage\":\"fr-FR\",\"url\":\"https:\/\/www.unitrans.it\/wp-content\/uploads\/2016\/10\/unitrans-logo.png\",\"contentUrl\":\"https:\/\/www.unitrans.it\/wp-content\/uploads\/2016\/10\/unitrans-logo.png\",\"width\":250,\"height\":75,\"caption\":\"Unitrans srl\"},\"image\":{\"@id\":\"https:\/\/www.unitrans.it\/#logo\"}},{\"@type\":\"WebSite\",\"@id\":\"https:\/\/www.unitrans.it\/#website\",\"url\":\"https:\/\/www.unitrans.it\/\",\"name\":\"Unitrans srl\",\"description\":\"Furgoni Isotermici e Frigoriferi\",\"publisher\":{\"@id\":\"https:\/\/www.unitrans.it\/#organization\"},\"potentialAction\":[{\"@type\":\"SearchAction\",\"target\":{\"@type\":\"EntryPoint\",\"urlTemplate\":\"https:\/\/www.unitrans.it\/?s={search_term_string}\"},\"query-input\":\"required name=search_term_string\"}],\"inLanguage\":\"fr-FR\"},{\"@type\":\"WebPage\",\"@id\":\"https:\/\/www.unitrans.it\/fr\/unitrans-est\/#webpage\",\"url\":\"https:\/\/www.unitrans.it\/fr\/unitrans-est\/\",\"name\":\"L'Entreprise - Unitrans srl\",\"isPartOf\":{\"@id\":\"https:\/\/www.unitrans.it\/#website\"},\"datePublished\":\"2016-10-06T08:57:32+00:00\",\"dateModified\":\"2019-03-14T09:10:17+00:00\",\"breadcrumb\":{\"@id\":\"https:\/\/www.unitrans.it\/fr\/unitrans-est\/#breadcrumb\"},\"inLanguage\":\"fr-FR\",\"potentialAction\":[{\"@type\":\"ReadAction\",\"target\":[\"https:\/\/www.unitrans.it\/fr\/unitrans-est\/\"]}]},{\"@type\":\"BreadcrumbList\",\"@id\":\"https:\/\/www.unitrans.it\/fr\/unitrans-est\/#breadcrumb\",\"itemListElement\":[{\"@type\":\"ListItem\",\"position\":1,\"name\":\"Home\",\"item\":\"https:\/\/www.unitrans.it\/fr\/\"},{\"@type\":\"ListItem\",\"position\":2,\"name\":\"L&#8217;Entreprise\"}]}]}<\/script>\n<!-- \/ Yoast SEO plugin. -->","yoast_head_json":{"title":"L'Entreprise - Unitrans srl","robots":{"index":"index","follow":"follow","max-snippet":"max-snippet:-1","max-image-preview":"max-image-preview:large","max-video-preview":"max-video-preview:-1"},"canonical":"https:\/\/www.unitrans.it\/fr\/unitrans-est\/","og_locale":"fr_FR","og_type":"article","og_title":"L'Entreprise - Unitrans srl","og_url":"https:\/\/www.unitrans.it\/fr\/unitrans-est\/","og_site_name":"Unitrans srl","article_modified_time":"2019-03-14T09:10:17+00:00","twitter_card":"summary","twitter_misc":{"Dur\u00e9e de lecture estim\u00e9e":"2 minutes"},"schema":{"@context":"https:\/\/schema.org","@graph":[{"@type":"Organization","@id":"https:\/\/www.unitrans.it\/#organization","name":"Unitrans srl","url":"https:\/\/www.unitrans.it\/","sameAs":[],"logo":{"@type":"ImageObject","@id":"https:\/\/www.unitrans.it\/#logo","inLanguage":"fr-FR","url":"https:\/\/www.unitrans.it\/wp-content\/uploads\/2016\/10\/unitrans-logo.png","contentUrl":"https:\/\/www.unitrans.it\/wp-content\/uploads\/2016\/10\/unitrans-logo.png","width":250,"height":75,"caption":"Unitrans srl"},"image":{"@id":"https:\/\/www.unitrans.it\/#logo"}},{"@type":"WebSite","@id":"https:\/\/www.unitrans.it\/#website","url":"https:\/\/www.unitrans.it\/","name":"Unitrans srl","description":"Furgoni Isotermici e Frigoriferi","publisher":{"@id":"https:\/\/www.unitrans.it\/#organization"},"potentialAction":[{"@type":"SearchAction","target":{"@type":"EntryPoint","urlTemplate":"https:\/\/www.unitrans.it\/?s={search_term_string}"},"query-input":"required name=search_term_string"}],"inLanguage":"fr-FR"},{"@type":"WebPage","@id":"https:\/\/www.unitrans.it\/fr\/unitrans-est\/#webpage","url":"https:\/\/www.unitrans.it\/fr\/unitrans-est\/","name":"L'Entreprise - Unitrans srl","isPartOf":{"@id":"https:\/\/www.unitrans.it\/#website"},"datePublished":"2016-10-06T08:57:32+00:00","dateModified":"2019-03-14T09:10:17+00:00","breadcrumb":{"@id":"https:\/\/www.unitrans.it\/fr\/unitrans-est\/#breadcrumb"},"inLanguage":"fr-FR","potentialAction":[{"@type":"ReadAction","target":["https:\/\/www.unitrans.it\/fr\/unitrans-est\/"]}]},{"@type":"BreadcrumbList","@id":"https:\/\/www.unitrans.it\/fr\/unitrans-est\/#breadcrumb","itemListElement":[{"@type":"ListItem","position":1,"name":"Home","item":"https:\/\/www.unitrans.it\/fr\/"},{"@type":"ListItem","position":2,"name":"L&#8217;Entreprise"}]}]}},"_links":{"self":[{"href":"https:\/\/www.unitrans.it\/fr\/wp-json\/wp\/v2\/pages\/1134"}],"collection":[{"href":"https:\/\/www.unitrans.it\/fr\/wp-json\/wp\/v2\/pages"}],"about":[{"href":"https:\/\/www.unitrans.it\/fr\/wp-json\/wp\/v2\/types\/page"}],"author":[{"embeddable":true,"href":"https:\/\/www.unitrans.it\/fr\/wp-json\/wp\/v2\/users\/2"}],"replies":[{"embeddable":true,"href":"https:\/\/www.unitrans.it\/fr\/wp-json\/wp\/v2\/comments?post=1134"}],"version-history":[{"count":4,"href":"https:\/\/www.unitrans.it\/fr\/wp-json\/wp\/v2\/pages\/1134\/revisions"}],"predecessor-version":[{"id":2527,"href":"https:\/\/www.unitrans.it\/fr\/wp-json\/wp\/v2\/pages\/1134\/revisions\/2527"}],"wp:attachment":[{"href":"https:\/\/www.unitrans.it\/fr\/wp-json\/wp\/v2\/media?parent=1134"}],"curies":[{"name":"wp","href":"https:\/\/api.w.org\/{rel}","templated":true}]}}