{"id":3928,"date":"2022-03-10T09:22:38","date_gmt":"2022-03-10T08:22:38","guid":{"rendered":"https:\/\/www.unitrans.it\/?page_id=3928"},"modified":"2022-03-10T09:22:38","modified_gmt":"2022-03-10T08:22:38","slug":"reparations","status":"publish","type":"page","link":"https:\/\/www.unitrans.it\/fr\/reparations\/","title":{"rendered":"R\u00e9parations"},"content":{"rendered":"<div class=\"fusion-fullwidth fullwidth-box fusion-builder-row-1 hundred-percent-fullwidth non-hundred-percent-height-scrolling\" style=\"background-color: rgba(255,255,255,0);background-position: center center;background-repeat: no-repeat;padding-top:0px;padding-right:0px;padding-bottom:0px;padding-left:0px;margin-bottom: 0px;margin-top: 0px;border-width: 0px 0px 0px 0px;border-color:#eae9e9;border-style:solid;\" ><div class=\"fusion-builder-row fusion-row\"><div class=\"fusion-layout-column fusion_builder_column fusion-builder-column-0 fusion_builder_column_1_1 1_1 fusion-one-full fusion-column-first fusion-column-last fusion-column-no-min-height\" style=\"margin-top:0px;margin-bottom:0px;\"><div class=\"fusion-column-wrapper fusion-flex-column-wrapper-legacy\" style=\"background-position:left top;background-repeat:no-repeat;-webkit-background-size:cover;-moz-background-size:cover;-o-background-size:cover;background-size:cover;padding: 0px 0px 0px 0px;\"><style type=\"text\/css\"><\/style><div class=\"fusion-title title fusion-title-1 fusion-title-text fusion-title-size-one\" style=\"margin-top:0px;margin-right:0px;margin-bottom:10px;margin-left:0px;\"><h1 class=\"title-heading-left\" style=\"margin:0;\"><b><span lang=\"EN-US\">R\u00e9parations<\/span><\/b><\/h1><span class=\"awb-title-spacer\"><\/span><div class=\"title-sep-container\"><div class=\"title-sep sep-single sep-solid\" style=\"border-color:#e0dede;\"><\/div><\/div><\/div><div class=\"fusion-clearfix\"><\/div><\/div><\/div><div class=\"fusion-layout-column fusion_builder_column fusion-builder-column-1 fusion_builder_column_1_1 1_1 fusion-one-full fusion-column-first fusion-column-last\" style=\"margin-top:0px;margin-bottom:20px;\"><div class=\"fusion-column-wrapper fusion-flex-column-wrapper-legacy\" style=\"background-position:left top;background-repeat:no-repeat;-webkit-background-size:cover;-moz-background-size:cover;-o-background-size:cover;background-size:cover;padding: 0px 0px 0px 0px;\"><div class=\"fusion-text fusion-text-1\"><p>UNITRANS propose un service d&rsquo;assistance et de r\u00e9paration sur les v\u00e9hicules isothermes multimarques (Schmitz, Lamberet, Chereau, etc\u2026); disposition des contre-ch\u00e2ssis, des ch\u00e2ssis et des hayons \u00e9l\u00e9vateurs.<\/p>\n<p><strong>Si vous avez des questions ou souhaitez un devis, veuillez contacter:<\/strong><\/p>\n<p>tel. +39 041 412244-500<\/p>\n<p>e-mail: <a href=\"mailto:segreteria@unitrans.it\">segreteria@unitrans.it<\/a><\/p>\n<\/div><div class=\"fusion-clearfix\"><\/div><\/div><\/div><div class=\"fusion-layout-column fusion_builder_column fusion-builder-column-2 fusion_builder_column_1_6 1_6 fusion-one-sixth fusion-column-first\" style=\"width:13.3333%; margin-right: 4%;margin-top:0px;margin-bottom:20px;\"><div class=\"fusion-column-wrapper fusion-flex-column-wrapper-legacy\" style=\"background-position:left top;background-repeat:no-repeat;-webkit-background-size:cover;-moz-background-size:cover;-o-background-size:cover;background-size:cover;padding: 0px 0px 0px 0px;\"><div class=\"fusion-clearfix\"><\/div><\/div><\/div><div class=\"fusion-layout-column fusion_builder_column fusion-builder-column-3 fusion_builder_column_2_3 2_3 fusion-two-third\" style=\"width:65.3333%; margin-right: 4%;margin-top:0px;margin-bottom:20px;\"><div class=\"fusion-column-wrapper fusion-flex-column-wrapper-legacy\" style=\"background-position:left top;background-repeat:no-repeat;-webkit-background-size:cover;-moz-background-size:cover;-o-background-size:cover;background-size:cover;padding: 0px 0px 0px 0px;\"><div class=\"fusion-slider-sc fusion-flexslider-loading flexslider flexslider-hover-type-liftup\" data-slideshow_autoplay=\"1\" data-slideshow_smooth_height=\"0\" data-slideshow_speed=\"7000\" style=\"max-width:100%;height:100%;\"><ul class=\"slides\"><li class=\"image\"><span class=\"fusion-image-hover-element hover-type-liftup\"><img src=\"https:\/\/www.unitrans.it\/wp-content\/uploads\/2022\/03\/riparazioni-slide-01.jpg\" width=\"960\" height=\"720\" class=\"wp-image-3956\" srcset=\"https:\/\/www.unitrans.it\/wp-content\/uploads\/2022\/03\/riparazioni-slide-01-200x150.jpg 200w, https:\/\/www.unitrans.it\/wp-content\/uploads\/2022\/03\/riparazioni-slide-01-400x300.jpg 400w, https:\/\/www.unitrans.it\/wp-content\/uploads\/2022\/03\/riparazioni-slide-01-600x450.jpg 600w, https:\/\/www.unitrans.it\/wp-content\/uploads\/2022\/03\/riparazioni-slide-01-800x600.jpg 800w, https:\/\/www.unitrans.it\/wp-content\/uploads\/2022\/03\/riparazioni-slide-01.jpg 960w\" sizes=\"(max-width: 800px) 100vw, 800px\" \/><\/span><\/li><li class=\"image\"><span class=\"fusion-image-hover-element hover-type-liftup\"><img src=\"https:\/\/www.unitrans.it\/wp-content\/uploads\/2022\/03\/riparazioni-slide-02.jpg\" width=\"960\" height=\"720\" class=\"wp-image-3952\" srcset=\"https:\/\/www.unitrans.it\/wp-content\/uploads\/2022\/03\/riparazioni-slide-02-200x150.jpg 200w, https:\/\/www.unitrans.it\/wp-content\/uploads\/2022\/03\/riparazioni-slide-02-400x300.jpg 400w, https:\/\/www.unitrans.it\/wp-content\/uploads\/2022\/03\/riparazioni-slide-02-600x450.jpg 600w, https:\/\/www.unitrans.it\/wp-content\/uploads\/2022\/03\/riparazioni-slide-02-800x600.jpg 800w, https:\/\/www.unitrans.it\/wp-content\/uploads\/2022\/03\/riparazioni-slide-02.jpg 960w\" sizes=\"(max-width: 800px) 100vw, 800px\" \/><\/span><\/li><li class=\"image\"><span class=\"fusion-image-hover-element hover-type-liftup\"><img src=\"https:\/\/www.unitrans.it\/wp-content\/uploads\/2022\/03\/riparazioni-slide-03.jpg\" width=\"960\" height=\"720\" class=\"wp-image-3948\" srcset=\"https:\/\/www.unitrans.it\/wp-content\/uploads\/2022\/03\/riparazioni-slide-03-200x150.jpg 200w, https:\/\/www.unitrans.it\/wp-content\/uploads\/2022\/03\/riparazioni-slide-03-400x300.jpg 400w, https:\/\/www.unitrans.it\/wp-content\/uploads\/2022\/03\/riparazioni-slide-03-600x450.jpg 600w, https:\/\/www.unitrans.it\/wp-content\/uploads\/2022\/03\/riparazioni-slide-03-800x600.jpg 800w, https:\/\/www.unitrans.it\/wp-content\/uploads\/2022\/03\/riparazioni-slide-03.jpg 960w\" sizes=\"(max-width: 800px) 100vw, 800px\" \/><\/span><\/li><li class=\"image\"><span class=\"fusion-image-hover-element hover-type-liftup\"><img src=\"https:\/\/www.unitrans.it\/wp-content\/uploads\/2022\/03\/riparazioni-slide-04.jpg\" width=\"960\" height=\"720\" class=\"wp-image-3944\" srcset=\"https:\/\/www.unitrans.it\/wp-content\/uploads\/2022\/03\/riparazioni-slide-04-200x150.jpg 200w, https:\/\/www.unitrans.it\/wp-content\/uploads\/2022\/03\/riparazioni-slide-04-400x300.jpg 400w, https:\/\/www.unitrans.it\/wp-content\/uploads\/2022\/03\/riparazioni-slide-04-600x450.jpg 600w, https:\/\/www.unitrans.it\/wp-content\/uploads\/2022\/03\/riparazioni-slide-04-800x600.jpg 800w, https:\/\/www.unitrans.it\/wp-content\/uploads\/2022\/03\/riparazioni-slide-04.jpg 960w\" sizes=\"(max-width: 800px) 100vw, 800px\" \/><\/span><\/li><li class=\"image\"><span class=\"fusion-image-hover-element hover-type-liftup\"><img src=\"https:\/\/www.unitrans.it\/wp-content\/uploads\/2022\/03\/riparazioni-slide-05.jpg\" width=\"960\" height=\"720\" class=\"wp-image-3940\" srcset=\"https:\/\/www.unitrans.it\/wp-content\/uploads\/2022\/03\/riparazioni-slide-05-200x150.jpg 200w, https:\/\/www.unitrans.it\/wp-content\/uploads\/2022\/03\/riparazioni-slide-05-400x300.jpg 400w, https:\/\/www.unitrans.it\/wp-content\/uploads\/2022\/03\/riparazioni-slide-05-600x450.jpg 600w, https:\/\/www.unitrans.it\/wp-content\/uploads\/2022\/03\/riparazioni-slide-05-800x600.jpg 800w, https:\/\/www.unitrans.it\/wp-content\/uploads\/2022\/03\/riparazioni-slide-05.jpg 960w\" sizes=\"(max-width: 800px) 100vw, 800px\" \/><\/span><\/li><li class=\"image\"><span class=\"fusion-image-hover-element hover-type-liftup\"><img src=\"https:\/\/www.unitrans.it\/wp-content\/uploads\/2022\/03\/riparazioni-slide-06.jpg\" width=\"960\" height=\"720\" class=\"wp-image-3936\" srcset=\"https:\/\/www.unitrans.it\/wp-content\/uploads\/2022\/03\/riparazioni-slide-06-200x150.jpg 200w, https:\/\/www.unitrans.it\/wp-content\/uploads\/2022\/03\/riparazioni-slide-06-400x300.jpg 400w, https:\/\/www.unitrans.it\/wp-content\/uploads\/2022\/03\/riparazioni-slide-06-600x450.jpg 600w, https:\/\/www.unitrans.it\/wp-content\/uploads\/2022\/03\/riparazioni-slide-06-800x600.jpg 800w, https:\/\/www.unitrans.it\/wp-content\/uploads\/2022\/03\/riparazioni-slide-06.jpg 960w\" sizes=\"(max-width: 800px) 100vw, 800px\" \/><\/span><\/li><li class=\"image\"><span class=\"fusion-image-hover-element hover-type-liftup\"><img src=\"https:\/\/www.unitrans.it\/wp-content\/uploads\/2022\/03\/riparazioni-slide-07.jpg\" width=\"960\" height=\"720\" class=\"wp-image-3932\" srcset=\"https:\/\/www.unitrans.it\/wp-content\/uploads\/2022\/03\/riparazioni-slide-07-200x150.jpg 200w, https:\/\/www.unitrans.it\/wp-content\/uploads\/2022\/03\/riparazioni-slide-07-400x300.jpg 400w, https:\/\/www.unitrans.it\/wp-content\/uploads\/2022\/03\/riparazioni-slide-07-600x450.jpg 600w, https:\/\/www.unitrans.it\/wp-content\/uploads\/2022\/03\/riparazioni-slide-07-800x600.jpg 800w, https:\/\/www.unitrans.it\/wp-content\/uploads\/2022\/03\/riparazioni-slide-07.jpg 960w\" sizes=\"(max-width: 800px) 100vw, 800px\" \/><\/span><\/li><\/ul><\/div><div class=\"fusion-clearfix\"><\/div><\/div><\/div><div class=\"fusion-layout-column fusion_builder_column fusion-builder-column-4 fusion_builder_column_1_6 1_6 fusion-one-sixth fusion-column-last\" style=\"width:13.3333%;margin-top:0px;margin-bottom:20px;\"><div class=\"fusion-column-wrapper fusion-flex-column-wrapper-legacy\" style=\"background-position:left top;background-repeat:no-repeat;-webkit-background-size:cover;-moz-background-size:cover;-o-background-size:cover;background-size:cover;padding: 0px 0px 0px 0px;\"><div class=\"fusion-clearfix\"><\/div><\/div><\/div><\/div><style type=\"text\/css\">.fusion-fullwidth.fusion-builder-row-1 { overflow:visible; }<\/style><\/div>\n","protected":false},"excerpt":{"rendered":"","protected":false},"author":2,"featured_media":0,"parent":0,"menu_order":0,"comment_status":"closed","ping_status":"closed","template":"","meta":{"_mi_skip_tracking":false,"_exactmetrics_sitenote_active":false,"_exactmetrics_sitenote_note":"","_exactmetrics_sitenote_category":0},"yoast_head":"<!-- This site is optimized with the Yoast SEO plugin v18.3 - https:\/\/yoast.com\/wordpress\/plugins\/seo\/ -->\n<title>R\u00e9parations - Unitrans srl<\/title>\n<meta name=\"description\" content=\"UNITRANS propose un service d&#039;assistance et de r\u00e9paration sur les v\u00e9hicules isothermes multimarques (Schmitz, Lamberet, Chereau, etc\u2026); disposition des contre-ch\u00e2ssis, des ch\u00e2ssis et des hayons \u00e9l\u00e9vateurs.\" \/>\n<meta name=\"robots\" content=\"index, follow, max-snippet:-1, max-image-preview:large, max-video-preview:-1\" \/>\n<link rel=\"canonical\" href=\"https:\/\/www.unitrans.it\/fr\/reparations\/\" \/>\n<meta property=\"og:locale\" content=\"fr_FR\" \/>\n<meta property=\"og:type\" content=\"article\" \/>\n<meta property=\"og:title\" content=\"R\u00e9parations - Unitrans srl\" \/>\n<meta property=\"og:description\" content=\"UNITRANS propose un service d&#039;assistance et de r\u00e9paration sur les v\u00e9hicules isothermes multimarques (Schmitz, Lamberet, Chereau, etc\u2026); disposition des contre-ch\u00e2ssis, des ch\u00e2ssis et des hayons \u00e9l\u00e9vateurs.\" \/>\n<meta property=\"og:url\" content=\"https:\/\/www.unitrans.it\/fr\/reparations\/\" \/>\n<meta property=\"og:site_name\" content=\"Unitrans srl\" \/>\n<meta name=\"twitter:card\" content=\"summary\" \/>\n<meta name=\"twitter:label1\" content=\"Dur\u00e9e de lecture estim\u00e9e\" \/>\n\t<meta name=\"twitter:data1\" content=\"3 minutes\" \/>\n<script type=\"application\/ld+json\" class=\"yoast-schema-graph\">{\"@context\":\"https:\/\/schema.org\",\"@graph\":[{\"@type\":\"Organization\",\"@id\":\"https:\/\/www.unitrans.it\/#organization\",\"name\":\"Unitrans srl\",\"url\":\"https:\/\/www.unitrans.it\/\",\"sameAs\":[],\"logo\":{\"@type\":\"ImageObject\",\"@id\":\"https:\/\/www.unitrans.it\/#logo\",\"inLanguage\":\"fr-FR\",\"url\":\"https:\/\/www.unitrans.it\/wp-content\/uploads\/2016\/10\/unitrans-logo.png\",\"contentUrl\":\"https:\/\/www.unitrans.it\/wp-content\/uploads\/2016\/10\/unitrans-logo.png\",\"width\":250,\"height\":75,\"caption\":\"Unitrans srl\"},\"image\":{\"@id\":\"https:\/\/www.unitrans.it\/#logo\"}},{\"@type\":\"WebSite\",\"@id\":\"https:\/\/www.unitrans.it\/#website\",\"url\":\"https:\/\/www.unitrans.it\/\",\"name\":\"Unitrans srl\",\"description\":\"Furgoni Isotermici e Frigoriferi\",\"publisher\":{\"@id\":\"https:\/\/www.unitrans.it\/#organization\"},\"potentialAction\":[{\"@type\":\"SearchAction\",\"target\":{\"@type\":\"EntryPoint\",\"urlTemplate\":\"https:\/\/www.unitrans.it\/?s={search_term_string}\"},\"query-input\":\"required name=search_term_string\"}],\"inLanguage\":\"fr-FR\"},{\"@type\":\"WebPage\",\"@id\":\"https:\/\/www.unitrans.it\/fr\/reparations\/#webpage\",\"url\":\"https:\/\/www.unitrans.it\/fr\/reparations\/\",\"name\":\"R\u00e9parations - Unitrans srl\",\"isPartOf\":{\"@id\":\"https:\/\/www.unitrans.it\/#website\"},\"datePublished\":\"2022-03-10T08:22:38+00:00\",\"dateModified\":\"2022-03-10T08:22:38+00:00\",\"description\":\"UNITRANS propose un service d'assistance et de r\u00e9paration sur les v\u00e9hicules isothermes multimarques (Schmitz, Lamberet, Chereau, etc\u2026); disposition des contre-ch\u00e2ssis, des ch\u00e2ssis et des hayons \u00e9l\u00e9vateurs.\",\"breadcrumb\":{\"@id\":\"https:\/\/www.unitrans.it\/fr\/reparations\/#breadcrumb\"},\"inLanguage\":\"fr-FR\",\"potentialAction\":[{\"@type\":\"ReadAction\",\"target\":[\"https:\/\/www.unitrans.it\/fr\/reparations\/\"]}]},{\"@type\":\"BreadcrumbList\",\"@id\":\"https:\/\/www.unitrans.it\/fr\/reparations\/#breadcrumb\",\"itemListElement\":[{\"@type\":\"ListItem\",\"position\":1,\"name\":\"Home\",\"item\":\"https:\/\/www.unitrans.it\/fr\/\"},{\"@type\":\"ListItem\",\"position\":2,\"name\":\"R\u00e9parations\"}]}]}<\/script>\n<!-- \/ Yoast SEO plugin. -->","yoast_head_json":{"title":"R\u00e9parations - Unitrans srl","description":"UNITRANS propose un service d'assistance et de r\u00e9paration sur les v\u00e9hicules isothermes multimarques (Schmitz, Lamberet, Chereau, etc\u2026); disposition des contre-ch\u00e2ssis, des ch\u00e2ssis et des hayons \u00e9l\u00e9vateurs.","robots":{"index":"index","follow":"follow","max-snippet":"max-snippet:-1","max-image-preview":"max-image-preview:large","max-video-preview":"max-video-preview:-1"},"canonical":"https:\/\/www.unitrans.it\/fr\/reparations\/","og_locale":"fr_FR","og_type":"article","og_title":"R\u00e9parations - Unitrans srl","og_description":"UNITRANS propose un service d'assistance et de r\u00e9paration sur les v\u00e9hicules isothermes multimarques (Schmitz, Lamberet, Chereau, etc\u2026); disposition des contre-ch\u00e2ssis, des ch\u00e2ssis et des hayons \u00e9l\u00e9vateurs.","og_url":"https:\/\/www.unitrans.it\/fr\/reparations\/","og_site_name":"Unitrans srl","twitter_card":"summary","twitter_misc":{"Dur\u00e9e de lecture estim\u00e9e":"3 minutes"},"schema":{"@context":"https:\/\/schema.org","@graph":[{"@type":"Organization","@id":"https:\/\/www.unitrans.it\/#organization","name":"Unitrans srl","url":"https:\/\/www.unitrans.it\/","sameAs":[],"logo":{"@type":"ImageObject","@id":"https:\/\/www.unitrans.it\/#logo","inLanguage":"fr-FR","url":"https:\/\/www.unitrans.it\/wp-content\/uploads\/2016\/10\/unitrans-logo.png","contentUrl":"https:\/\/www.unitrans.it\/wp-content\/uploads\/2016\/10\/unitrans-logo.png","width":250,"height":75,"caption":"Unitrans srl"},"image":{"@id":"https:\/\/www.unitrans.it\/#logo"}},{"@type":"WebSite","@id":"https:\/\/www.unitrans.it\/#website","url":"https:\/\/www.unitrans.it\/","name":"Unitrans srl","description":"Furgoni Isotermici e Frigoriferi","publisher":{"@id":"https:\/\/www.unitrans.it\/#organization"},"potentialAction":[{"@type":"SearchAction","target":{"@type":"EntryPoint","urlTemplate":"https:\/\/www.unitrans.it\/?s={search_term_string}"},"query-input":"required name=search_term_string"}],"inLanguage":"fr-FR"},{"@type":"WebPage","@id":"https:\/\/www.unitrans.it\/fr\/reparations\/#webpage","url":"https:\/\/www.unitrans.it\/fr\/reparations\/","name":"R\u00e9parations - Unitrans srl","isPartOf":{"@id":"https:\/\/www.unitrans.it\/#website"},"datePublished":"2022-03-10T08:22:38+00:00","dateModified":"2022-03-10T08:22:38+00:00","description":"UNITRANS propose un service d'assistance et de r\u00e9paration sur les v\u00e9hicules isothermes multimarques (Schmitz, Lamberet, Chereau, etc\u2026); disposition des contre-ch\u00e2ssis, des ch\u00e2ssis et des hayons \u00e9l\u00e9vateurs.","breadcrumb":{"@id":"https:\/\/www.unitrans.it\/fr\/reparations\/#breadcrumb"},"inLanguage":"fr-FR","potentialAction":[{"@type":"ReadAction","target":["https:\/\/www.unitrans.it\/fr\/reparations\/"]}]},{"@type":"BreadcrumbList","@id":"https:\/\/www.unitrans.it\/fr\/reparations\/#breadcrumb","itemListElement":[{"@type":"ListItem","position":1,"name":"Home","item":"https:\/\/www.unitrans.it\/fr\/"},{"@type":"ListItem","position":2,"name":"R\u00e9parations"}]}]}},"_links":{"self":[{"href":"https:\/\/www.unitrans.it\/fr\/wp-json\/wp\/v2\/pages\/3928"}],"collection":[{"href":"https:\/\/www.unitrans.it\/fr\/wp-json\/wp\/v2\/pages"}],"about":[{"href":"https:\/\/www.unitrans.it\/fr\/wp-json\/wp\/v2\/types\/page"}],"author":[{"embeddable":true,"href":"https:\/\/www.unitrans.it\/fr\/wp-json\/wp\/v2\/users\/2"}],"replies":[{"embeddable":true,"href":"https:\/\/www.unitrans.it\/fr\/wp-json\/wp\/v2\/comments?post=3928"}],"version-history":[{"count":1,"href":"https:\/\/www.unitrans.it\/fr\/wp-json\/wp\/v2\/pages\/3928\/revisions"}],"predecessor-version":[{"id":3974,"href":"https:\/\/www.unitrans.it\/fr\/wp-json\/wp\/v2\/pages\/3928\/revisions\/3974"}],"wp:attachment":[{"href":"https:\/\/www.unitrans.it\/fr\/wp-json\/wp\/v2\/media?parent=3928"}],"curies":[{"name":"wp","href":"https:\/\/api.w.org\/{rel}","templated":true}]}}